{"id":694,"date":"2025-02-14T14:28:05","date_gmt":"2025-02-14T14:28:05","guid":{"rendered":"https:\/\/nanybilate.com\/?page_id=694"},"modified":"2025-10-02T13:14:48","modified_gmt":"2025-10-02T16:14:48","slug":"behavior","status":"publish","type":"page","link":"https:\/\/nanybilate.com\/en\/behavior\/","title":{"rendered":"Behavior"},"content":{"rendered":"<div data-elementor-type=\"wp-page\" data-elementor-id=\"694\" class=\"elementor elementor-694\" data-elementor-post-type=\"page\">\n\t\t\t\t<div class=\"has_eae_slider elementor-element elementor-element-ad6429e e-flex e-con-boxed e-con e-parent\" data-eae-slider=\"75612\" data-id=\"ad6429e\" data-element_type=\"container\">\n\t\t\t\t\t<div class=\"e-con-inner\">\n\t\t<div class=\"has_eae_slider elementor-element elementor-element-d90d2b4 e-con-full e-flex e-con e-child\" data-eae-slider=\"32575\" data-id=\"d90d2b4\" data-element_type=\"container\">\n\t\t<div class=\"has_eae_slider elementor-element elementor-element-5085ab6 e-con-full e-flex e-con e-child\" data-eae-slider=\"53645\" data-id=\"5085ab6\" data-element_type=\"container\">\n\t\t\t\t<div class=\"elementor-element elementor-element-d743654 elementor-widget elementor-widget-heading\" data-id=\"d743654\" data-element_type=\"widget\" data-widget_type=\"heading.default\">\n\t\t\t\t<div class=\"elementor-widget-container\">\n\t\t\t\t\t<h2 class=\"elementor-heading-title elementor-size-default\">About<\/h2>\t\t\t\t<\/div>\n\t\t\t\t<\/div>\n\t\t<div class=\"has_eae_slider elementor-element elementor-element-152ad92 e-con-full e-flex e-con e-child\" data-eae-slider=\"37148\" data-id=\"152ad92\" data-element_type=\"container\">\n\t\t<div class=\"has_eae_slider elementor-element elementor-element-edc4c65 e-con-full e-flex e-con e-child\" data-eae-slider=\"36232\" data-id=\"edc4c65\" data-element_type=\"container\">\n\t\t\t\t<div class=\"elementor-element elementor-element-33a4b99 elementor-widget elementor-widget-image\" data-id=\"33a4b99\" data-element_type=\"widget\" data-widget_type=\"image.default\">\n\t\t\t\t<div class=\"elementor-widget-container\">\n\t\t\t\t\t\t\t\t\t\t\t\t\t\t\t<img decoding=\"async\" width=\"346\" height=\"95\" src=\"https:\/\/nanybilate.com\/wp-content\/uploads\/2025\/02\/logo-behavior-removebg-preview.png\" class=\"attachment-large size-large wp-image-31\" alt=\"\" srcset=\"https:\/\/nanybilate.com\/wp-content\/uploads\/2025\/02\/logo-behavior-removebg-preview.png 346w, https:\/\/nanybilate.com\/wp-content\/uploads\/2025\/02\/logo-behavior-removebg-preview-300x82.png 300w\" sizes=\"(max-width: 346px) 100vw, 346px\" \/>\t\t\t\t\t\t\t\t\t\t\t\t\t\t\t<\/div>\n\t\t\t\t<\/div>\n\t\t\t\t<\/div>\n\t\t\t\t<\/div>\n\t\t\t\t<div class=\"elementor-element elementor-element-817dfd3 elementor-widget elementor-widget-text-editor\" data-id=\"817dfd3\" data-element_type=\"widget\" data-widget_type=\"text-editor.default\">\n\t\t\t\t<div class=\"elementor-widget-container\">\n\t\t\t\t\t\t\t\t\t<p>Behavior was born in 1997 as centre focused on values, beliefs and attitudes taking into account the latest insights into evolving consumers\u2019 relationship with brands, products and services. A tailor-made approach has been its guiding principle since the onset, while deep diving into its projects and case studies has become its trademark.\u00a0<\/p><p>This ground-breaking mindset has led to some unique working methods, with qualitative surveys based on hearing consumers to feel and understand the idiosyncrasies that define humanity.<\/p><p>Another feature that guided behavior since the beginning was a freedom to think and operate, with a strong commitment to the truth captured and its relevance to our clients\u2019 needs.\u00a0<\/p><p>Keenly observant of changes in society, it created a large web as values and beliefs transformed along its numerous projects, case studies and intensive analysis of individuals. This privileged vantage point allowed offering curatorship and moving towards providing consulting services.\u00a0<\/p><p>behavior and I are always thankful to our clients, for their trust in our work and the opportunity to work hand in hand in significant and relevant projects.<\/p>\t\t\t\t\t\t\t\t<\/div>\n\t\t\t\t<\/div>\n\t\t\t\t<div class=\"elementor-element elementor-element-ab78051 elementor-widget elementor-widget-button\" data-id=\"ab78051\" data-element_type=\"widget\" data-widget_type=\"button.default\">\n\t\t\t\t<div class=\"elementor-widget-container\">\n\t\t\t\t\t\t\t\t\t<div class=\"elementor-button-wrapper\">\n\t\t\t\t\t<a class=\"elementor-button elementor-button-link elementor-size-sm\" href=\"https:\/\/nanybilate.com\/wp-content\/uploads\/2025\/10\/Movimentos-Humanos_NanyBilate.pdf\">\n\t\t\t\t\t\t<span class=\"elementor-button-content-wrapper\">\n\t\t\t\t\t\t\t\t\t<span class=\"elementor-button-text\">Baixe aqui os Movimentos Humanos<\/span>\n\t\t\t\t\t<\/span>\n\t\t\t\t\t<\/a>\n\t\t\t\t<\/div>\n\t\t\t\t\t\t\t\t<\/div>\n\t\t\t\t<\/div>\n\t\t\t\t<\/div>\n\t\t<div class=\"has_eae_slider elementor-element elementor-element-c5fd6b6 e-con-full e-flex e-con e-child\" data-eae-slider=\"42154\" data-id=\"c5fd6b6\" data-element_type=\"container\" data-settings=\"{&quot;background_background&quot;:&quot;classic&quot;}\">\n\t\t\t\t<div class=\"elementor-element elementor-element-57ce9e4 elementor-widget elementor-widget-image\" data-id=\"57ce9e4\" data-element_type=\"widget\" data-widget_type=\"image.default\">\n\t\t\t\t<div class=\"elementor-widget-container\">\n\t\t\t\t\t\t\t\t\t\t\t\t\t\t\t<img fetchpriority=\"high\" decoding=\"async\" width=\"781\" height=\"906\" src=\"https:\/\/nanybilate.com\/wp-content\/uploads\/2025\/02\/tree_pt.png\" class=\"attachment-large size-large wp-image-151\" alt=\"\" srcset=\"https:\/\/nanybilate.com\/wp-content\/uploads\/2025\/02\/tree_pt.png 781w, https:\/\/nanybilate.com\/wp-content\/uploads\/2025\/02\/tree_pt-259x300.png 259w, https:\/\/nanybilate.com\/wp-content\/uploads\/2025\/02\/tree_pt-768x891.png 768w\" sizes=\"(max-width: 781px) 100vw, 781px\" \/>\t\t\t\t\t\t\t\t\t\t\t\t\t\t\t<\/div>\n\t\t\t\t<\/div>\n\t\t\t\t<\/div>\n\t\t\t\t<\/div>\n\t\t\t\t\t<\/div>\n\t\t\t\t<\/div>\n\t\t\t\t<\/div>","protected":false},"excerpt":{"rendered":"<p>Sobre a A behavior nasceu em 1997 para ser um centro de estudos focado em valores, cren\u00e7as e atitudes da contemporaneidade e suas rela\u00e7\u00f5es com marcas, produtos e servi\u00e7os. Desde o in\u00edcio, escolheu o estilo tailor-made para trabalhar os seus projetos. Isso implica profundidade, a sua marca registrada.\u00a0 Foi com esse esp\u00edrito que desenvolveu algumas [&hellip;]<\/p>\n","protected":false},"author":1,"featured_media":0,"parent":0,"menu_order":0,"comment_status":"closed","ping_status":"closed","template":"","meta":{"footnotes":""},"class_list":["post-694","page","type-page","status-publish","hentry"],"yoast_head":"<!-- This site is optimized with the Yoast SEO plugin v27.4 - https:\/\/yoast.com\/product\/yoast-seo-wordpress\/ -->\n<title>Behavior - Nany Bilate, Pesquisadora, Feminilidades e Masculinidades.<\/title>\n<meta name=\"robots\" content=\"index, follow, max-snippet:-1, max-image-preview:large, max-video-preview:-1\" \/>\n<link rel=\"canonical\" href=\"https:\/\/nanybilate.com\/en\/behavior\/\" \/>\n<meta property=\"og:locale\" content=\"en_US\" \/>\n<meta property=\"og:type\" content=\"article\" \/>\n<meta property=\"og:title\" content=\"Behavior - Nany Bilate, Pesquisadora, Feminilidades e Masculinidades.\" \/>\n<meta property=\"og:description\" content=\"Sobre a A behavior nasceu em 1997 para ser um centro de estudos focado em valores, cren\u00e7as e atitudes da contemporaneidade e suas rela\u00e7\u00f5es com marcas, produtos e servi\u00e7os. Desde o in\u00edcio, escolheu o estilo tailor-made para trabalhar os seus projetos. Isso implica profundidade, a sua marca registrada.\u00a0 Foi com esse esp\u00edrito que desenvolveu algumas [&hellip;]\" \/>\n<meta property=\"og:url\" content=\"https:\/\/nanybilate.com\/en\/behavior\/\" \/>\n<meta property=\"og:site_name\" content=\"Nany Bilate, Pesquisadora, Feminilidades e Masculinidades.\" \/>\n<meta property=\"article:modified_time\" content=\"2025-10-02T16:14:48+00:00\" \/>\n<meta property=\"og:image\" content=\"https:\/\/nanybilate.com\/wp-content\/uploads\/2025\/02\/logo-behavior-removebg-preview.png\" \/>\n\t<meta property=\"og:image:width\" content=\"346\" \/>\n\t<meta property=\"og:image:height\" content=\"95\" \/>\n\t<meta property=\"og:image:type\" content=\"image\/png\" \/>\n<meta name=\"twitter:card\" content=\"summary_large_image\" \/>\n<meta name=\"twitter:label1\" content=\"Est. reading time\" \/>\n\t<meta name=\"twitter:data1\" content=\"2 minutes\" \/>\n<script type=\"application\/ld+json\" class=\"yoast-schema-graph\">{\"@context\":\"https:\\\/\\\/schema.org\",\"@graph\":[{\"@type\":\"WebPage\",\"@id\":\"https:\\\/\\\/nanybilate.com\\\/behavior\\\/\",\"url\":\"https:\\\/\\\/nanybilate.com\\\/behavior\\\/\",\"name\":\"Behavior - Nany Bilate, Pesquisadora, Feminilidades e Masculinidades.\",\"isPartOf\":{\"@id\":\"https:\\\/\\\/nanybilate.com\\\/#website\"},\"primaryImageOfPage\":{\"@id\":\"https:\\\/\\\/nanybilate.com\\\/behavior\\\/#primaryimage\"},\"image\":{\"@id\":\"https:\\\/\\\/nanybilate.com\\\/behavior\\\/#primaryimage\"},\"thumbnailUrl\":\"https:\\\/\\\/nanybilate.com\\\/wp-content\\\/uploads\\\/2025\\\/02\\\/logo-behavior-removebg-preview.png\",\"datePublished\":\"2025-02-14T14:28:05+00:00\",\"dateModified\":\"2025-10-02T16:14:48+00:00\",\"breadcrumb\":{\"@id\":\"https:\\\/\\\/nanybilate.com\\\/behavior\\\/#breadcrumb\"},\"inLanguage\":\"en-US\",\"potentialAction\":[{\"@type\":\"ReadAction\",\"target\":[\"https:\\\/\\\/nanybilate.com\\\/behavior\\\/\"]}]},{\"@type\":\"ImageObject\",\"inLanguage\":\"en-US\",\"@id\":\"https:\\\/\\\/nanybilate.com\\\/behavior\\\/#primaryimage\",\"url\":\"https:\\\/\\\/nanybilate.com\\\/wp-content\\\/uploads\\\/2025\\\/02\\\/logo-behavior-removebg-preview.png\",\"contentUrl\":\"https:\\\/\\\/nanybilate.com\\\/wp-content\\\/uploads\\\/2025\\\/02\\\/logo-behavior-removebg-preview.png\"},{\"@type\":\"BreadcrumbList\",\"@id\":\"https:\\\/\\\/nanybilate.com\\\/behavior\\\/#breadcrumb\",\"itemListElement\":[{\"@type\":\"ListItem\",\"position\":1,\"name\":\"In\u00edcio\",\"item\":\"https:\\\/\\\/nanybilate.com\\\/\"},{\"@type\":\"ListItem\",\"position\":2,\"name\":\"Behavior\"}]},{\"@type\":\"WebSite\",\"@id\":\"https:\\\/\\\/nanybilate.com\\\/#website\",\"url\":\"https:\\\/\\\/nanybilate.com\\\/\",\"name\":\"Nany Bilate, Pesquisadora, Feminilidades e Masculinidades.\",\"description\":\"Nany Bilate \u00e9 pesquisadora especializada em feminilidades, masculinidades e comportamento humano. Palestras, workshops e consultorias para transforma\u00e7\u00e3o social.\",\"potentialAction\":[{\"@type\":\"SearchAction\",\"target\":{\"@type\":\"EntryPoint\",\"urlTemplate\":\"https:\\\/\\\/nanybilate.com\\\/?s={search_term_string}\"},\"query-input\":{\"@type\":\"PropertyValueSpecification\",\"valueRequired\":true,\"valueName\":\"search_term_string\"}}],\"inLanguage\":\"en-US\"}]}<\/script>\n<!-- \/ Yoast SEO plugin. -->","yoast_head_json":{"title":"Behavior - Nany Bilate, Pesquisadora, Feminilidades e Masculinidades.","robots":{"index":"index","follow":"follow","max-snippet":"max-snippet:-1","max-image-preview":"max-image-preview:large","max-video-preview":"max-video-preview:-1"},"canonical":"https:\/\/nanybilate.com\/en\/behavior\/","og_locale":"en_US","og_type":"article","og_title":"Behavior - Nany Bilate, Pesquisadora, Feminilidades e Masculinidades.","og_description":"Sobre a A behavior nasceu em 1997 para ser um centro de estudos focado em valores, cren\u00e7as e atitudes da contemporaneidade e suas rela\u00e7\u00f5es com marcas, produtos e servi\u00e7os. Desde o in\u00edcio, escolheu o estilo tailor-made para trabalhar os seus projetos. Isso implica profundidade, a sua marca registrada.\u00a0 Foi com esse esp\u00edrito que desenvolveu algumas [&hellip;]","og_url":"https:\/\/nanybilate.com\/en\/behavior\/","og_site_name":"Nany Bilate, Pesquisadora, Feminilidades e Masculinidades.","article_modified_time":"2025-10-02T16:14:48+00:00","og_image":[{"width":346,"height":95,"url":"https:\/\/nanybilate.com\/wp-content\/uploads\/2025\/02\/logo-behavior-removebg-preview.png","type":"image\/png"}],"twitter_card":"summary_large_image","twitter_misc":{"Est. reading time":"2 minutes"},"schema":{"@context":"https:\/\/schema.org","@graph":[{"@type":"WebPage","@id":"https:\/\/nanybilate.com\/behavior\/","url":"https:\/\/nanybilate.com\/behavior\/","name":"Behavior - Nany Bilate, Pesquisadora, Feminilidades e Masculinidades.","isPartOf":{"@id":"https:\/\/nanybilate.com\/#website"},"primaryImageOfPage":{"@id":"https:\/\/nanybilate.com\/behavior\/#primaryimage"},"image":{"@id":"https:\/\/nanybilate.com\/behavior\/#primaryimage"},"thumbnailUrl":"https:\/\/nanybilate.com\/wp-content\/uploads\/2025\/02\/logo-behavior-removebg-preview.png","datePublished":"2025-02-14T14:28:05+00:00","dateModified":"2025-10-02T16:14:48+00:00","breadcrumb":{"@id":"https:\/\/nanybilate.com\/behavior\/#breadcrumb"},"inLanguage":"en-US","potentialAction":[{"@type":"ReadAction","target":["https:\/\/nanybilate.com\/behavior\/"]}]},{"@type":"ImageObject","inLanguage":"en-US","@id":"https:\/\/nanybilate.com\/behavior\/#primaryimage","url":"https:\/\/nanybilate.com\/wp-content\/uploads\/2025\/02\/logo-behavior-removebg-preview.png","contentUrl":"https:\/\/nanybilate.com\/wp-content\/uploads\/2025\/02\/logo-behavior-removebg-preview.png"},{"@type":"BreadcrumbList","@id":"https:\/\/nanybilate.com\/behavior\/#breadcrumb","itemListElement":[{"@type":"ListItem","position":1,"name":"In\u00edcio","item":"https:\/\/nanybilate.com\/"},{"@type":"ListItem","position":2,"name":"Behavior"}]},{"@type":"WebSite","@id":"https:\/\/nanybilate.com\/#website","url":"https:\/\/nanybilate.com\/","name":"Nany Bilate, Pesquisadora, Feminilidades e Masculinidades.","description":"Nany Bilate \u00e9 pesquisadora especializada em feminilidades, masculinidades e comportamento humano. Palestras, workshops e consultorias para transforma\u00e7\u00e3o social.","potentialAction":[{"@type":"SearchAction","target":{"@type":"EntryPoint","urlTemplate":"https:\/\/nanybilate.com\/?s={search_term_string}"},"query-input":{"@type":"PropertyValueSpecification","valueRequired":true,"valueName":"search_term_string"}}],"inLanguage":"en-US"}]}},"_links":{"self":[{"href":"https:\/\/nanybilate.com\/en\/wp-json\/wp\/v2\/pages\/694","targetHints":{"allow":["GET"]}}],"collection":[{"href":"https:\/\/nanybilate.com\/en\/wp-json\/wp\/v2\/pages"}],"about":[{"href":"https:\/\/nanybilate.com\/en\/wp-json\/wp\/v2\/types\/page"}],"author":[{"embeddable":true,"href":"https:\/\/nanybilate.com\/en\/wp-json\/wp\/v2\/users\/1"}],"replies":[{"embeddable":true,"href":"https:\/\/nanybilate.com\/en\/wp-json\/wp\/v2\/comments?post=694"}],"version-history":[{"count":61,"href":"https:\/\/nanybilate.com\/en\/wp-json\/wp\/v2\/pages\/694\/revisions"}],"predecessor-version":[{"id":7035,"href":"https:\/\/nanybilate.com\/en\/wp-json\/wp\/v2\/pages\/694\/revisions\/7035"}],"wp:attachment":[{"href":"https:\/\/nanybilate.com\/en\/wp-json\/wp\/v2\/media?parent=694"}],"curies":[{"name":"wp","href":"https:\/\/api.w.org\/{rel}","templated":true}]}}